{"id":3943,"date":"2018-06-13T08:51:55","date_gmt":"2018-06-13T06:51:55","guid":{"rendered":"http:\/\/www.gesangverein-massenbach.de\/2\/?page_id=3943"},"modified":"2025-02-16T19:16:37","modified_gmt":"2025-02-16T18:16:37","slug":"impressum","status":"publish","type":"page","link":"http:\/\/www.gesangverein-massenbach.de\/2\/impressum\/","title":{"rendered":"Impressum"},"content":{"rendered":"<h3>Impressum (Angaben gem\u00e4\u00df \u00a7 5 TMG)<\/h3>\n<p><span style=\"color: #000000;\">Gesangverein \u201eEintracht\u201c 1873 Massenbach e.V.<\/span><span style=\"color: #000000;\"><br \/>\nJohann-Sebastian-Bach-Str. 54<br \/>\n74193&nbsp; Schwaigern<\/span><\/p>\n<p><span style=\"color: #000000;\">Vertreten durch:<\/span><br \/>\n<span style=\"color: #000000;\"> Manuela Essig<\/span><br \/>\n<span style=\"color: #000000;\"> Kontakt: <a href=\"mailto:info@gesangverein-massenbach.de\">info@gesangverein-massenbach.de<\/a><\/span><\/p>\n<h3>Registereintrag<\/h3>\n<p><span style=\"color: #000000;\">Amtsgericht Stuttgart<\/span><br \/>\n<span style=\"color: #000000;\">Eintragung im Vereinsregister<\/span><br \/>\n<span style=\"color: #000000;\">VR-Nr. 101506<\/span><\/p>\n<h3>Verantwortlich f\u00fcr den Inhalt nach \u00a7 55 Abs. 2 RStV<\/h3>\n<p><span style=\"color: #000000;\">Manuela Essig<\/span><br \/>\n<span style=\"color: #000000;\">Johann-Sebastian-Bach-Str. 54<\/span><br \/>\n<span style=\"color: #000000;\">74193&nbsp; Schwaigern<\/span><\/p>\n<h1>Haftungsausschluss (Disclaimer)<\/h1>\n<h3>Haftung f\u00fcr Inhalte<\/h3>\n<p><span style=\"color: #000000;\">Als Diensteanbieter sind wir gem\u00e4\u00df \u00a7 7 Abs.1 TMG f\u00fcr eigene Inhalte auf diesen Seiten nach den allgemeinen Gesetzen verantwortlich. Nach \u00a7\u00a7 8 bis 10 TMG sind wir als Diensteanbieter jedoch nicht verpflichtet, \u00fcbermittelte oder gespeicherte fremde Informationen zu \u00fcberwachen oder nach Umst\u00e4nden zu forschen, die auf eine rechtswidrige T\u00e4tigkeit hinweisen. Verpflichtungen zur Entfernung oder Sperrung der Nutzung von Informationen nach den allgemeinen Gesetzen bleiben hiervon unber\u00fchrt. Eine diesbez\u00fcgliche Haftung ist jedoch erst ab dem Zeitpunkt der Kenntnis einer konkreten Rechtsverletzung m\u00f6glich. Bei Bekanntwerden von entsprechenden Rechtsverletzungen werden wir diese Inhalte umgehend entfernen.<\/span><\/p>\n<h3>Haftung f\u00fcr Links<\/h3>\n<p><span style=\"color: #000000;\">Unser Angebot enth\u00e4lt Links zu externen Webseiten Dritter, auf deren Inhalte wir keinen Einfluss haben. Deshalb k\u00f6nnen wir f\u00fcr diese fremden Inhalte auch keine Gew\u00e4hr \u00fcbernehmen. F\u00fcr die Inhalte der verlinkten Seiten ist stets der jeweilige Anbieter oder Betreiber der Seiten verantwortlich. Die verlinkten Seiten wurden zum Zeitpunkt der Verlinkung auf m\u00f6gliche Rechtsverst\u00f6\u00dfe \u00fcberpr\u00fcft. Rechtswidrige Inhalte waren zum Zeitpunkt der Verlinkung nicht erkennbar. Eine permanente inhaltliche Kontrolle der verlinkten Seiten ist jedoch ohne konkrete Anhaltspunkte einer Rechtsverletzung nicht zumutbar. Bei Bekanntwerden von Rechtsverletzungen werden wir derartige Links umgehend entfernen.<\/span><\/p>\n<h3>Urheberrecht<\/h3>\n<p><span style=\"color: #000000;\">Die durch die Seitenbetreiber erstellten Inhalte und Werke auf diesen Seiten unterliegen dem deutschen Urheberrecht. Die Vervielf\u00e4ltigung, Bearbeitung, Verbreitung und jede Art der Verwertung au\u00dferhalb der Grenzen des Urheberrechtes bed\u00fcrfen der schriftlichen Zustimmung des jeweiligen Autors bzw. Erstellers. Downloads und Kopien dieser Seite sind nur f\u00fcr den privaten, nicht kommerziellen Gebrauch gestattet. Soweit die Inhalte auf dieser Seite nicht vom Betreiber erstellt wurden, werden die Urheberrechte Dritter beachtet. Insbesondere werden Inhalte Dritter als solche gekennzeichnet. Sollten Sie trotzdem auf eine Urheberrechtsverletzung aufmerksam werden, bitten wir um einen entsprechenden Hinweis. Bei Bekanntwerden von Rechtsverletzungen werden wir derartige Inhalte umgehend entfernen.<\/span><\/p>\n<h3>Verwendung von Kontaktdaten<\/h3>\n<p><span style=\"color: #000000;\">Der Nutzung von im Rahmen der Impressumspflicht ver\u00f6ffentlichten Kontaktdaten durch Dritte zur \u00dcbersendung von nicht ausdr\u00fccklich angeforderter Werbung und Informationsmaterialien wird hiermit ausdr\u00fccklich widersprochen. Die Betreiber der Seiten behalten sich ausdr\u00fccklich rechtliche Schritte im Falle der unverlangten Zusendung von Werbeinformationen, etwa durch Spam-Mails vor.<\/span><\/p>\n","protected":false},"excerpt":{"rendered":"<p>Impressum (Angaben gem\u00e4\u00df \u00a7 5 TMG) Gesangverein \u201eEintracht\u201c 1873 Massenbach e.V. Johann-Sebastian-Bach-Str. 54 74193&nbsp; Schwaigern Vertreten durch: Manuela Essig Kontakt: info@gesangverein-massenbach.de Registereintrag Amtsgericht Stuttgart Eintragung im Vereinsregister VR-Nr. 101506 Verantwortlich f\u00fcr den Inhalt nach \u00a7 55 Abs. 2 RStV Manuela Essig Johann-Sebastian-Bach-Str. 54 74193&nbsp; Schwaigern Haftungsausschluss (Disclaimer) Haftung f\u00fcr Inhalte Als Diensteanbieter sind wir gem\u00e4\u00df [&hellip;]<\/p>\n","protected":false},"author":1,"featured_media":0,"parent":0,"menu_order":0,"comment_status":"closed","ping_status":"closed","template":"","meta":{"ngg_post_thumbnail":0},"_links":{"self":[{"href":"http:\/\/www.gesangverein-massenbach.de\/2\/wp-json\/wp\/v2\/pages\/3943"}],"collection":[{"href":"http:\/\/www.gesangverein-massenbach.de\/2\/wp-json\/wp\/v2\/pages"}],"about":[{"href":"http:\/\/www.gesangverein-massenbach.de\/2\/wp-json\/wp\/v2\/types\/page"}],"author":[{"embeddable":true,"href":"http:\/\/www.gesangverein-massenbach.de\/2\/wp-json\/wp\/v2\/users\/1"}],"replies":[{"embeddable":true,"href":"http:\/\/www.gesangverein-massenbach.de\/2\/wp-json\/wp\/v2\/comments?post=3943"}],"version-history":[{"count":7,"href":"http:\/\/www.gesangverein-massenbach.de\/2\/wp-json\/wp\/v2\/pages\/3943\/revisions"}],"predecessor-version":[{"id":5908,"href":"http:\/\/www.gesangverein-massenbach.de\/2\/wp-json\/wp\/v2\/pages\/3943\/revisions\/5908"}],"wp:attachment":[{"href":"http:\/\/www.gesangverein-massenbach.de\/2\/wp-json\/wp\/v2\/media?parent=3943"}],"curies":[{"name":"wp","href":"https:\/\/api.w.org\/{rel}","templated":true}]}}